{"id":666,"date":"2016-11-13T23:58:08","date_gmt":"2016-11-13T21:58:08","guid":{"rendered":"http:\/\/villehamalainen.fi\/sormiharjoituksia\/?page_id=666"},"modified":"2016-11-13T23:58:08","modified_gmt":"2016-11-13T21:58:08","slug":"ville","status":"publish","type":"page","link":"https:\/\/sormiharjoituksia.villehamalainen.fi\/index.php\/ville\/","title":{"rendered":"T\u00e4m\u00e4n blogin kirjoittajasta"},"content":{"rendered":"<p>Ville H\u00e4m\u00e4l\u00e4inen<br \/>\n(s. 1992)<br \/>\nkirjallisuustieteen ja teologian opiskelija (fil.yo \/TaY, teol.yo \/HY)<br \/>\nTampere\/Helsinki<\/p>\n<p><em>Kirjoittava ihminen. Olen kiinnostunut ironiasta &amp; S\u00f8ren Kierkegaardista, kokeellisesta kirjallisuudesta, elokuvista, parisuhteista &amp; eroista, neuroottisuudesta, misogynian uudelleenlukemisesta ja suomir\u00e4pist\u00e4. Luen valikoiden, kirjoitan paljon, p\u00e4\u00e4osin siit\u00e4 mist\u00e4 en osaa mutta mist\u00e4 haluan.<\/em><\/p>\n<p><em>Olen julkaissut esseit\u00e4, kirja-arvosteluja ja muita sekalaisia tekstityyppej\u00e4 pienemmiss\u00e4 ja viel\u00e4 v\u00e4h\u00e4n pienemmiss\u00e4 lehdiss\u00e4.\u00a0<\/em><\/p>\n<p><em>Kiinnostavia ty\u00f6tarjouksia saa esitt\u00e4\u00e4: ville.j.hamalainen (at) helsinki.fi<\/em><\/p>\n<p><img loading=\"lazy\" decoding=\"async\" class=\"alignnone size-medium wp-image-667\" src=\"http:\/\/villehamalainen.fi\/sormiharjoituksia\/wp-content\/uploads\/2016\/11\/14517437_10211009608341234_6952243569444784950_n-300x300.jpg\" alt=\"14517437_10211009608341234_6952243569444784950_n\" width=\"300\" height=\"300\" \/><\/p>\n","protected":false},"excerpt":{"rendered":"<p>Ville H\u00e4m\u00e4l\u00e4inen (s. 1992) kirjallisuustieteen ja teologian opiskelija (fil.yo \/TaY, teol.yo \/HY) Tampere\/Helsinki Kirjoittava ihminen. Olen kiinnostunut ironiasta &amp; S\u00f8ren Kierkegaardista, kokeellisesta kirjallisuudesta, elokuvista, parisuhteista &amp; eroista, neuroottisuudesta, misogynian uudelleenlukemisesta <a class=\"more-link\" href=\"https:\/\/sormiharjoituksia.villehamalainen.fi\/index.php\/ville\/\">Read More &#8230;<\/a><\/p>\n","protected":false},"author":1,"featured_media":0,"parent":0,"menu_order":1,"comment_status":"closed","ping_status":"closed","template":"","meta":{"footnotes":""},"class_list":["post-666","page","type-page","status-publish","hentry"],"_links":{"self":[{"href":"https:\/\/sormiharjoituksia.villehamalainen.fi\/index.php\/wp-json\/wp\/v2\/pages\/666","targetHints":{"allow":["GET"]}}],"collection":[{"href":"https:\/\/sormiharjoituksia.villehamalainen.fi\/index.php\/wp-json\/wp\/v2\/pages"}],"about":[{"href":"https:\/\/sormiharjoituksia.villehamalainen.fi\/index.php\/wp-json\/wp\/v2\/types\/page"}],"author":[{"embeddable":true,"href":"https:\/\/sormiharjoituksia.villehamalainen.fi\/index.php\/wp-json\/wp\/v2\/users\/1"}],"replies":[{"embeddable":true,"href":"https:\/\/sormiharjoituksia.villehamalainen.fi\/index.php\/wp-json\/wp\/v2\/comments?post=666"}],"version-history":[{"count":0,"href":"https:\/\/sormiharjoituksia.villehamalainen.fi\/index.php\/wp-json\/wp\/v2\/pages\/666\/revisions"}],"wp:attachment":[{"href":"https:\/\/sormiharjoituksia.villehamalainen.fi\/index.php\/wp-json\/wp\/v2\/media?parent=666"}],"curies":[{"name":"wp","href":"https:\/\/api.w.org\/{rel}","templated":true}]}}